{"id":116,"date":"2020-08-18T18:26:35","date_gmt":"2020-08-18T21:26:35","guid":{"rendered":"http:\/\/anguloempreiteira.com.br\/site\/?page_id=116"},"modified":"2020-08-18T18:53:58","modified_gmt":"2020-08-18T21:53:58","slug":"informacoes-tecnica","status":"publish","type":"page","link":"http:\/\/anguloempreiteira.com.br\/site\/informacoes-tecnica\/","title":{"rendered":"Informa\u00e7\u00f5es T\u00e9cnica"},"content":{"rendered":"\t\t<div data-elementor-type=\"wp-page\" data-elementor-id=\"116\" class=\"elementor elementor-116\" data-elementor-settings=\"[]\">\n\t\t\t<div class=\"elementor-inner\">\n\t\t\t\t<div class=\"elementor-section-wrap\">\n\t\t\t\t\t\t\t<section class=\"elementor-element elementor-element-beac9fb elementor-section-stretched elementor-section-boxed elementor-section-height-default elementor-section-height-default elementor-section elementor-top-section\" data-id=\"beac9fb\" data-element_type=\"section\" data-settings=\"{&quot;stretch_section&quot;:&quot;section-stretched&quot;,&quot;background_background&quot;:&quot;classic&quot;}\">\n\t\t\t\t\t\t<div class=\"elementor-container elementor-column-gap-default\">\n\t\t\t\t<div class=\"elementor-row\">\n\t\t\t\t<div class=\"elementor-element elementor-element-dbf5bab elementor-column elementor-col-100 elementor-top-column\" data-id=\"dbf5bab\" data-element_type=\"column\">\n\t\t\t<div class=\"elementor-column-wrap  elementor-element-populated\">\n\t\t\t\t\t<div class=\"elementor-widget-wrap\">\n\t\t\t\t<div class=\"elementor-element elementor-element-655df20 elementor-widget elementor-widget-heading\" data-id=\"655df20\" data-element_type=\"widget\" data-widget_type=\"heading.default\">\n\t\t\t\t<div class=\"elementor-widget-container\">\n\t\t\t<h4 class=\"elementor-heading-title elementor-size-default\">INFORMA\u00c7\u00d5ES T\u00c9CNICAS<\/h4>\t\t<\/div>\n\t\t\t\t<\/div>\n\t\t\t\t\t\t<\/div>\n\t\t\t<\/div>\n\t\t<\/div>\n\t\t\t\t\t\t<\/div>\n\t\t\t<\/div>\n\t\t<\/section>\n\t\t\t\t<section class=\"elementor-element elementor-element-3bf68e4 elementor-section-boxed elementor-section-height-default elementor-section-height-default elementor-section elementor-top-section\" data-id=\"3bf68e4\" data-element_type=\"section\">\n\t\t\t\t\t\t<div class=\"elementor-container elementor-column-gap-default\">\n\t\t\t\t<div class=\"elementor-row\">\n\t\t\t\t<div class=\"elementor-element elementor-element-4e02623 elementor-column elementor-col-100 elementor-top-column\" data-id=\"4e02623\" data-element_type=\"column\">\n\t\t\t<div class=\"elementor-column-wrap  elementor-element-populated\">\n\t\t\t\t\t<div class=\"elementor-widget-wrap\">\n\t\t\t\t<div class=\"elementor-element elementor-element-8eed8ff ee-grid-columns-2 ee-posts-thumbnail-ratio ee-grid-columns-tablet-2 ee-grid-columns-mobile-1 ee-grid-align--stretch ee-grid-halign--left ee-posts-align-top ee-posts-avatar-position-left elementor-widget elementor-widget-posts-extra\" data-id=\"8eed8ff\" data-element_type=\"widget\" data-settings=\"{&quot;columns&quot;:&quot;2&quot;,&quot;columns_tablet&quot;:&quot;2&quot;,&quot;columns_mobile&quot;:&quot;1&quot;,&quot;classic_layout&quot;:&quot;default&quot;,&quot;classic_grid_columns_spacing&quot;:{&quot;unit&quot;:&quot;px&quot;,&quot;size&quot;:24,&quot;sizes&quot;:[]},&quot;classic_grid_columns_spacing_tablet&quot;:{&quot;unit&quot;:&quot;px&quot;,&quot;size&quot;:12,&quot;sizes&quot;:[]},&quot;classic_grid_columns_spacing_mobile&quot;:{&quot;unit&quot;:&quot;px&quot;,&quot;size&quot;:0,&quot;sizes&quot;:[]}}\" data-widget_type=\"posts-extra.classic\">\n\t\t\t\t<div class=\"elementor-widget-container\">\n\t\t\t<div class=\"ee-grid ee-loop ee-grid--default\"><div class=\"ee-grid__item--sizer\"><\/div><div class=\"ee-grid__item ee-loop__item \"><article class=\"ee-post post-8152 post type-post status-publish format-standard hentry category-sem-categoria\"><div class=\"ee-post__body ee-post__area\"><a href=\"http:\/\/anguloempreiteira.com.br\/site\/betandreas-betandreasda-digr-idman-novlri-niy-baxmaga-dyr-betandreas-beysbol-v-digr-nis-idmanlari-praktik-yanasma\/\" class=\"ee-post__title\">\n\t\t\t<h2 class=\"ee-post__title__heading\">Betandreas &#8211; Betandreas-da dig\u0259r idman n\u00f6vl\u0259ri &#8211; niy\u0259 baxma\u011fa d\u0259y\u0259r? &#8211; Betandreas &#8211; Beysbol v\u0259 dig\u0259r ni\u015f\u0259 idmanlar\u0131 &#8211; praktik yana\u015fma<\/h2>\n\t\t<\/a><div class=\"ee-post__excerpt\">Betandreas &#8211; Betandreas-da dig\u0259r idman n\u00f6vl\u0259ri &#8211; niy\u0259 baxma\u011fa d\u0259y\u0259r? &#8211; Betandreas &#8211; Beysbol v\u0259 dig\u0259r ni\u015f\u0259 idmanlar\u0131 &#8211; praktik yana\u015fma Betandreas-da voleybol, beysbol v\u0259&hellip;<\/div><div class=\"ee-post__read-more\">\n\t\t\t<a class=\"ee-post__button\" href=\"http:\/\/anguloempreiteira.com.br\/site\/betandreas-betandreasda-digr-idman-novlri-niy-baxmaga-dyr-betandreas-beysbol-v-digr-nis-idmanlari-praktik-yanasma\/\">\n\t\t\t\tVer informa\u00e7\u00e3o t\u00e9cnica\t\t\t<\/a>\n\t\t<\/div><\/div><!-- .ee-post__body --><\/article><!-- .ee-post --><\/div><!-- .ee-loop__item --><div class=\"ee-grid__item ee-loop__item \"><article class=\"ee-post post-8300 post type-post status-publish format-standard hentry category-sem-categoria\"><div class=\"ee-post__body ee-post__area\"><a href=\"http:\/\/anguloempreiteira.com.br\/site\/mosttbett-e-ekaauntt-khulbo-kibhaabe-3\/\" class=\"ee-post__title\">\n\t\t\t<h2 class=\"ee-post__title__heading\">\u09ae\u09cb\u09b8\u09cd\u099f\u09ac\u09c7\u099f \u098f \u098f\u0995\u09be\u0989\u09a8\u09cd\u099f \u0996\u09c1\u09b2\u09ac\u09cb \u0995\u09bf\u09ad\u09be\u09ac\u09c7? \u098f\u09b0 \u09b8\u09c1\u09ac\u09bf\u09a7\u09be<\/h2>\n\t\t<\/a><div class=\"ee-post__excerpt\">\u09ae\u09cb\u09b8\u09cd\u099f\u09ac\u09c7\u099f \u098f \u098f\u0995\u09be\u0989\u09a8\u09cd\u099f \u0996\u09c1\u09b2\u09ac\u09cb \u0995\u09bf\u09ad\u09be\u09ac\u09c7? \u098f\u09b0 \u09b8\u09c1\u09ac\u09bf\u09a7\u09be \u09ae\u09cb\u09b8\u09cd\u099f\u09ac\u09c7\u099f \u098f \u098f\u0995\u09be\u0989\u09a8\u09cd\u099f \u0996\u09cb\u09b2\u09be \u0996\u09c1\u09ac\u0987 \u09b8\u09b9\u099c \u098f\u09ac\u0982 \u09b8\u09c1\u09ac\u09bf\u09a7\u09be\u099c\u09a8\u0995 \u098f\u0995\u099f\u09bf \u09aa\u09cd\u09b0\u0995\u09cd\u09b0\u09bf\u09af\u09bc\u09be\u0964 \u098f\u0987 \u0986\u09b0\u09cd\u099f\u09bf\u0995\u09c7\u09b2\u09c7 \u0986\u09ae\u09b0\u09be \u0986\u09b2\u09cb\u099a\u09a8\u09be \u0995\u09b0\u09ac\u09cb \u0995\u09bf\u09ad\u09be\u09ac\u09c7 \u09ae\u09cb\u09b8\u09cd\u099f\u09ac\u09c7\u099f \u098f&hellip;<\/div><div class=\"ee-post__read-more\">\n\t\t\t<a class=\"ee-post__button\" href=\"http:\/\/anguloempreiteira.com.br\/site\/mosttbett-e-ekaauntt-khulbo-kibhaabe-3\/\">\n\t\t\t\tVer informa\u00e7\u00e3o t\u00e9cnica\t\t\t<\/a>\n\t\t<\/div><\/div><!-- .ee-post__body --><\/article><!-- .ee-post --><\/div><!-- .ee-loop__item --><div class=\"ee-grid__item ee-loop__item \"><article class=\"ee-post post-8298 post type-post status-publish format-standard hentry category-sem-categoria\"><div class=\"ee-post__body ee-post__area\"><a href=\"http:\/\/anguloempreiteira.com.br\/site\/mosttbett-e-ekaauntt-khulbo-kibhaabe-2\/\" class=\"ee-post__title\">\n\t\t\t<h2 class=\"ee-post__title__heading\">\u09ae\u09cb\u09b8\u09cd\u099f\u09ac\u09c7\u099f \u098f \u098f\u0995\u09be\u0989\u09a8\u09cd\u099f \u0996\u09c1\u09b2\u09ac\u09cb \u0995\u09bf\u09ad\u09be\u09ac\u09c7? \u098f\u09b0 \u09b8\u09c1\u09ac\u09bf\u09a7\u09be<\/h2>\n\t\t<\/a><div class=\"ee-post__excerpt\">\u09ae\u09cb\u09b8\u09cd\u099f\u09ac\u09c7\u099f \u098f \u098f\u0995\u09be\u0989\u09a8\u09cd\u099f \u0996\u09c1\u09b2\u09ac\u09cb \u0995\u09bf\u09ad\u09be\u09ac\u09c7? \u098f\u09b0 \u09b8\u09c1\u09ac\u09bf\u09a7\u09be \u09ae\u09cb\u09b8\u09cd\u099f\u09ac\u09c7\u099f \u098f \u098f\u0995\u09be\u0989\u09a8\u09cd\u099f \u0996\u09cb\u09b2\u09be \u0996\u09c1\u09ac\u0987 \u09b8\u09b9\u099c \u098f\u09ac\u0982 \u09b8\u09c1\u09ac\u09bf\u09a7\u09be\u099c\u09a8\u0995 \u098f\u0995\u099f\u09bf \u09aa\u09cd\u09b0\u0995\u09cd\u09b0\u09bf\u09af\u09bc\u09be\u0964 \u098f\u0987 \u0986\u09b0\u09cd\u099f\u09bf\u0995\u09c7\u09b2\u09c7 \u0986\u09ae\u09b0\u09be \u0986\u09b2\u09cb\u099a\u09a8\u09be \u0995\u09b0\u09ac\u09cb \u0995\u09bf\u09ad\u09be\u09ac\u09c7 \u09ae\u09cb\u09b8\u09cd\u099f\u09ac\u09c7\u099f \u098f&hellip;<\/div><div class=\"ee-post__read-more\">\n\t\t\t<a class=\"ee-post__button\" href=\"http:\/\/anguloempreiteira.com.br\/site\/mosttbett-e-ekaauntt-khulbo-kibhaabe-2\/\">\n\t\t\t\tVer informa\u00e7\u00e3o t\u00e9cnica\t\t\t<\/a>\n\t\t<\/div><\/div><!-- .ee-post__body --><\/article><!-- .ee-post --><\/div><!-- .ee-loop__item --><div class=\"ee-grid__item ee-loop__item \"><article class=\"ee-post post-8296 post type-post status-publish format-standard hentry category-sem-categoria\"><div class=\"ee-post__body ee-post__area\"><a href=\"http:\/\/anguloempreiteira.com.br\/site\/mosttbett-e-ekaauntt-khulbo-kibhaabe\/\" class=\"ee-post__title\">\n\t\t\t<h2 class=\"ee-post__title__heading\">\u09ae\u09cb\u09b8\u09cd\u099f\u09ac\u09c7\u099f \u098f \u098f\u0995\u09be\u0989\u09a8\u09cd\u099f \u0996\u09c1\u09b2\u09ac\u09cb \u0995\u09bf\u09ad\u09be\u09ac\u09c7? \u098f\u09b0 \u09b8\u09c1\u09ac\u09bf\u09a7\u09be<\/h2>\n\t\t<\/a><div class=\"ee-post__excerpt\">\u09ae\u09cb\u09b8\u09cd\u099f\u09ac\u09c7\u099f \u098f \u098f\u0995\u09be\u0989\u09a8\u09cd\u099f \u0996\u09c1\u09b2\u09ac\u09cb \u0995\u09bf\u09ad\u09be\u09ac\u09c7? \u098f\u09b0 \u09b8\u09c1\u09ac\u09bf\u09a7\u09be \u09ae\u09cb\u09b8\u09cd\u099f\u09ac\u09c7\u099f \u098f \u098f\u0995\u09be\u0989\u09a8\u09cd\u099f \u0996\u09cb\u09b2\u09be \u0996\u09c1\u09ac\u0987 \u09b8\u09b9\u099c \u098f\u09ac\u0982 \u09b8\u09c1\u09ac\u09bf\u09a7\u09be\u099c\u09a8\u0995 \u098f\u0995\u099f\u09bf \u09aa\u09cd\u09b0\u0995\u09cd\u09b0\u09bf\u09af\u09bc\u09be\u0964 \u098f\u0987 \u0986\u09b0\u09cd\u099f\u09bf\u0995\u09c7\u09b2\u09c7 \u0986\u09ae\u09b0\u09be \u0986\u09b2\u09cb\u099a\u09a8\u09be \u0995\u09b0\u09ac\u09cb \u0995\u09bf\u09ad\u09be\u09ac\u09c7 \u09ae\u09cb\u09b8\u09cd\u099f\u09ac\u09c7\u099f \u098f&hellip;<\/div><div class=\"ee-post__read-more\">\n\t\t\t<a class=\"ee-post__button\" href=\"http:\/\/anguloempreiteira.com.br\/site\/mosttbett-e-ekaauntt-khulbo-kibhaabe\/\">\n\t\t\t\tVer informa\u00e7\u00e3o t\u00e9cnica\t\t\t<\/a>\n\t\t<\/div><\/div><!-- .ee-post__body --><\/article><!-- .ee-post --><\/div><!-- .ee-loop__item --><div class=\"ee-grid__item ee-loop__item \"><article class=\"ee-post post-8290 post type-post status-publish format-standard hentry category-sem-categoria\"><div class=\"ee-post__body ee-post__area\"><a href=\"http:\/\/anguloempreiteira.com.br\/site\/heyspin-casino-login-play-casino-online-in-canada\/\" class=\"ee-post__title\">\n\t\t\t<h2 class=\"ee-post__title__heading\">Heyspin Casino Login &#8211; Play Casino Online in Canada<\/h2>\n\t\t<\/a><div class=\"ee-post__excerpt\">Heyspin Casino Login &#8211; Play Casino Online in Canada Table Of Contents HeySpin Casino Login: Access Your Canadian Player Account How to Log In and&hellip;<\/div><div class=\"ee-post__read-more\">\n\t\t\t<a class=\"ee-post__button\" href=\"http:\/\/anguloempreiteira.com.br\/site\/heyspin-casino-login-play-casino-online-in-canada\/\">\n\t\t\t\tVer informa\u00e7\u00e3o t\u00e9cnica\t\t\t<\/a>\n\t\t<\/div><\/div><!-- .ee-post__body --><\/article><!-- .ee-post --><\/div><!-- .ee-loop__item --><div class=\"ee-grid__item ee-loop__item \"><article class=\"ee-post post-8288 post type-post status-publish format-standard hentry category-sem-categoria\"><div class=\"ee-post__body ee-post__area\"><a href=\"http:\/\/anguloempreiteira.com.br\/site\/shuru-kraar-gaaidd-baanlaadeshe-mosttbett-nibndhn-ebn-ayaakaauntt-yaacaai-5\/\" class=\"ee-post__title\">\n\t\t\t<h2 class=\"ee-post__title__heading\">\u09b6\u09c1\u09b0\u09c1 \u0995\u09b0\u09be\u09b0 \u0997\u09be\u0987\u09a1: \u09ac\u09be\u0982\u09b2\u09be\u09a6\u09c7\u09b6\u09c7 \u09ae\u09cb\u09b8\u09cd\u099f\u09ac\u09c7\u099f \u09a8\u09bf\u09ac\u09a8\u09cd\u09a7\u09a8 \u098f\u09ac\u0982 \u0985\u09cd\u09af\u09be\u0995\u09be\u0989\u09a8\u09cd\u099f \u09af\u09be\u099a\u09be\u0987<\/h2>\n\t\t<\/a><div class=\"ee-post__excerpt\">\u09b6\u09c1\u09b0\u09c1 \u0995\u09b0\u09be\u09b0 \u0997\u09be\u0987\u09a1: \u09ac\u09be\u0982\u09b2\u09be\u09a6\u09c7\u09b6\u09c7 \u09ae\u09cb\u09b8\u09cd\u099f\u09ac\u09c7\u099f \u09a8\u09bf\u09ac\u09a8\u09cd\u09a7\u09a8 \u098f\u09ac\u0982 \u0985\u09cd\u09af\u09be\u0995\u09be\u0989\u09a8\u09cd\u099f \u09af\u09be\u099a\u09be\u0987 \u09ac\u09be\u0982\u09b2\u09be\u09a6\u09c7\u09b6\u09c7 \u09ae\u09cb\u09b8\u09cd\u099f\u09ac\u09c7\u099f \u09a8\u09bf\u09ac\u09a8\u09cd\u09a7\u09a8 \u0995\u09b0\u09a4\u09c7 \u098f\u09ac\u0982 \u0986\u09aa\u09a8\u09be\u09b0 \u0985\u09cd\u09af\u09be\u0995\u09be\u0989\u09a8\u09cd\u099f \u09af\u09be\u099a\u09be\u0987 \u0995\u09b0\u09a4\u09c7 \u09aa\u09cd\u09b0\u09af\u09bc\u09cb\u099c\u09a8\u09c0\u09af\u09bc \u09aa\u09a6\u0995\u09cd\u09b7\u09c7\u09aa\u0997\u09c1\u09b2\u09bf \u09b8\u09b9\u099c\u0964 \u09aa\u09cd\u09b0\u09a5\u09ae\u09c7, \u0986\u09aa\u09a8\u09be\u0995\u09c7 \u09ae\u09cb\u09b8\u09cd\u099f\u09ac\u09c7\u099f\u09c7\u09b0 \u0985\u09ab\u09bf\u09b8\u09bf\u09af\u09bc\u09be\u09b2&hellip;<\/div><div class=\"ee-post__read-more\">\n\t\t\t<a class=\"ee-post__button\" href=\"http:\/\/anguloempreiteira.com.br\/site\/shuru-kraar-gaaidd-baanlaadeshe-mosttbett-nibndhn-ebn-ayaakaauntt-yaacaai-5\/\">\n\t\t\t\tVer informa\u00e7\u00e3o t\u00e9cnica\t\t\t<\/a>\n\t\t<\/div><\/div><!-- .ee-post__body --><\/article><!-- .ee-post --><\/div><!-- .ee-loop__item --><\/div><!-- .ee-loop --><div class=\"ee-load-status\">\n\t\t\t<div class=\"ee-load-status__request infinite-scroll-request\">\n\t\t\t\t<svg version=\"1.1\" id=\"loader-1\" xmlns=\"http:\/\/www.w3.org\/2000\/svg\" xmlns:xlink=\"http:\/\/www.w3.org\/1999\/xlink\" x=\"0px\" y=\"0px\" width=\"40px\" height=\"40px\" viewBox=\"0 0 40 40\" enable-background=\"new 0 0 40 40\" xml:space=\"preserve\">\n\t<path opacity=\"0.2\" fill=\"#000\" d=\"M20.201,5.169c-8.254,0-14.946,6.692-14.946,14.946c0,8.255,6.692,14.946,14.946,14.946 s14.946-6.691,14.946-14.946C35.146,11.861,28.455,5.169,20.201,5.169z M20.201,31.749c-6.425,0-11.634-5.208-11.634-11.634 c0-6.425,5.209-11.634,11.634-11.634c6.425,0,11.633,5.209,11.633,11.634C31.834,26.541,26.626,31.749,20.201,31.749z\"\/>\n\t<path fill=\"#000\" d=\"M26.013,10.047l1.654-2.866c-2.198-1.272-4.743-2.012-7.466-2.012h0v3.312h0 C22.32,8.481,24.301,9.057,26.013,10.047z\">\n\t\t<animateTransform attributeType=\"xml\"\n\t\t\tattributeName=\"transform\"\n\t\t\ttype=\"rotate\"\n\t\t\tfrom=\"0 20 20\"\n\t\t\tto=\"360 20 20\"\n\t\t\tdur=\"0.5s\"\n\t\t\trepeatCount=\"indefinite\"\/>\n\t<\/path>\n<\/svg>\t\t\t<\/div>\n\t\t\t<div class=\"ee-load-status__last infinite-scroll-last\">\n\t\t\t\tAll articles loaded\t\t\t<\/div>\n\t\t\t<div class=\"ee-load-status__error infinite-scroll-error\">\n\t\t\t\tNo more articles to load\t\t\t<\/div>\n\t\t<\/div>\t\t<\/div>\n\t\t\t\t<\/div>\n\t\t\t\t\t\t<\/div>\n\t\t\t<\/div>\n\t\t<\/div>\n\t\t\t\t\t\t<\/div>\n\t\t\t<\/div>\n\t\t<\/section>\n\t\t\t\t\t\t<\/div>\n\t\t\t<\/div>\n\t\t<\/div>\n\t\t","protected":false},"excerpt":{"rendered":"<p>INFORMA\u00c7\u00d5ES T\u00c9CNICAS Exempo de Informa\u00e7\u00e3o A Angulo segue todas as Normas Regulamentadoras, como NR 18- Condi\u00e7\u00f5es e Meio Ambiente de Trabalho na Ind\u00fastria da Constru\u00e7\u00e3o, NR 35- Trabalho em Altura&hellip; Ver informa\u00e7\u00e3o t\u00e9cnica Motivo da patologia na edifica\u00e7\u00e3o Exemplo de Texto.. A ANGULO foi criada para suprir a necessidade em rela\u00e7\u00e3o aos servi\u00e7os no ramo [&hellip;]<\/p>\n","protected":false},"author":1,"featured_media":0,"parent":0,"menu_order":0,"comment_status":"closed","ping_status":"closed","template":"","meta":[],"_links":{"self":[{"href":"http:\/\/anguloempreiteira.com.br\/site\/wp-json\/wp\/v2\/pages\/116"}],"collection":[{"href":"http:\/\/anguloempreiteira.com.br\/site\/wp-json\/wp\/v2\/pages"}],"about":[{"href":"http:\/\/anguloempreiteira.com.br\/site\/wp-json\/wp\/v2\/types\/page"}],"author":[{"embeddable":true,"href":"http:\/\/anguloempreiteira.com.br\/site\/wp-json\/wp\/v2\/users\/1"}],"replies":[{"embeddable":true,"href":"http:\/\/anguloempreiteira.com.br\/site\/wp-json\/wp\/v2\/comments?post=116"}],"version-history":[{"count":9,"href":"http:\/\/anguloempreiteira.com.br\/site\/wp-json\/wp\/v2\/pages\/116\/revisions"}],"predecessor-version":[{"id":140,"href":"http:\/\/anguloempreiteira.com.br\/site\/wp-json\/wp\/v2\/pages\/116\/revisions\/140"}],"wp:attachment":[{"href":"http:\/\/anguloempreiteira.com.br\/site\/wp-json\/wp\/v2\/media?parent=116"}],"curies":[{"name":"wp","href":"https:\/\/api.w.org\/{rel}","templated":true}]}}