{"id":78,"date":"2020-08-18T17:53:46","date_gmt":"2020-08-18T20:53:46","guid":{"rendered":"http:\/\/anguloempreiteira.com.br\/site\/?page_id=78"},"modified":"2020-08-18T18:52:18","modified_gmt":"2020-08-18T21:52:18","slug":"a-empresa","status":"publish","type":"page","link":"http:\/\/anguloempreiteira.com.br\/site\/a-empresa\/","title":{"rendered":"A Empresa"},"content":{"rendered":"\t\t<div data-elementor-type=\"wp-page\" data-elementor-id=\"78\" class=\"elementor elementor-78\" data-elementor-settings=\"[]\">\n\t\t\t<div class=\"elementor-inner\">\n\t\t\t\t<div class=\"elementor-section-wrap\">\n\t\t\t\t\t\t\t<section class=\"elementor-element elementor-element-761de7b elementor-section-stretched elementor-section-boxed elementor-section-height-default elementor-section-height-default elementor-section elementor-top-section\" data-id=\"761de7b\" data-element_type=\"section\" data-settings=\"{&quot;stretch_section&quot;:&quot;section-stretched&quot;,&quot;background_background&quot;:&quot;classic&quot;}\">\n\t\t\t\t\t\t<div class=\"elementor-container elementor-column-gap-default\">\n\t\t\t\t<div class=\"elementor-row\">\n\t\t\t\t<div class=\"elementor-element elementor-element-fa2ee05 elementor-column elementor-col-100 elementor-top-column\" data-id=\"fa2ee05\" data-element_type=\"column\">\n\t\t\t<div class=\"elementor-column-wrap  elementor-element-populated\">\n\t\t\t\t\t<div class=\"elementor-widget-wrap\">\n\t\t\t\t<div class=\"elementor-element elementor-element-2fcea0d elementor-widget elementor-widget-heading\" data-id=\"2fcea0d\" data-element_type=\"widget\" data-widget_type=\"heading.default\">\n\t\t\t\t<div class=\"elementor-widget-container\">\n\t\t\t<h4 class=\"elementor-heading-title elementor-size-default\">A EMPRESA<\/h4>\t\t<\/div>\n\t\t\t\t<\/div>\n\t\t\t\t\t\t<\/div>\n\t\t\t<\/div>\n\t\t<\/div>\n\t\t\t\t\t\t<\/div>\n\t\t\t<\/div>\n\t\t<\/section>\n\t\t\t\t<section class=\"elementor-element elementor-element-15b610a elementor-section-content-middle elementor-section-boxed elementor-section-height-default elementor-section-height-default elementor-section elementor-top-section\" data-id=\"15b610a\" data-element_type=\"section\" data-settings=\"{&quot;background_background&quot;:&quot;classic&quot;}\">\n\t\t\t\t\t\t<div class=\"elementor-container elementor-column-gap-no\">\n\t\t\t\t<div class=\"elementor-row\">\n\t\t\t\t<div class=\"elementor-element elementor-element-f024071 elementor-column elementor-col-100 elementor-top-column\" data-id=\"f024071\" data-element_type=\"column\">\n\t\t\t<div class=\"elementor-column-wrap  elementor-element-populated\">\n\t\t\t\t\t<div class=\"elementor-widget-wrap\">\n\t\t\t\t<div class=\"elementor-element elementor-element-18f78df elementor-widget elementor-widget-heading\" data-id=\"18f78df\" data-element_type=\"widget\" data-widget_type=\"heading.default\">\n\t\t\t\t<div class=\"elementor-widget-container\">\n\t\t\t<h4 class=\"elementor-heading-title elementor-size-default\">Angulo Empreiteira\n<\/h4>\t\t<\/div>\n\t\t\t\t<\/div>\n\t\t\t\t<div class=\"elementor-element elementor-element-333b1fb elementor-widget elementor-widget-text-editor\" data-id=\"333b1fb\" data-element_type=\"widget\" data-widget_type=\"text-editor.default\">\n\t\t\t\t<div class=\"elementor-widget-container\">\n\t\t\t\t\t<div class=\"elementor-text-editor elementor-clearfix\"><p><img loading=\"lazy\" class=\"alignleft size-full wp-image-55\" src=\"http:\/\/anguloempreiteira.com.br\/site\/wp-content\/uploads\/2020\/08\/impermeabilizacao.jpg\" alt=\"\" width=\"466\" height=\"188\" srcset=\"http:\/\/anguloempreiteira.com.br\/site\/wp-content\/uploads\/2020\/08\/impermeabilizacao.jpg 466w, http:\/\/anguloempreiteira.com.br\/site\/wp-content\/uploads\/2020\/08\/impermeabilizacao-300x121.jpg 300w\" sizes=\"(max-width: 466px) 100vw, 466px\" \/>A ANGULO foi criada para suprir a necessidade em rela\u00e7\u00e3o aos servi\u00e7os no ramo da constru\u00e7\u00e3o civil. Temos um contato maior e direto com os nossos clientes, entendendo as suas necessidades e buscando em conjunto solu\u00e7\u00f5es eficientes. Somos competitivos e queremos ter a oportunidade de oferecer um servi\u00e7o de qualidade com um pre\u00e7o justo e acess\u00edvel. Valorizamos nossos funcion\u00e1rios a fim de manter a qualidade constante de toda a equipe<\/p><\/div>\n\t\t\t\t<\/div>\n\t\t\t\t<\/div>\n\t\t\t\t\t\t<\/div>\n\t\t\t<\/div>\n\t\t<\/div>\n\t\t\t\t\t\t<\/div>\n\t\t\t<\/div>\n\t\t<\/section>\n\t\t\t\t\t\t<\/div>\n\t\t\t<\/div>\n\t\t<\/div>\n\t\t","protected":false},"excerpt":{"rendered":"<p>A EMPRESA Angulo Empreiteira A ANGULO foi criada para suprir a necessidade em rela\u00e7\u00e3o aos servi\u00e7os no ramo da constru\u00e7\u00e3o civil. Temos um contato maior e direto com os nossos clientes, entendendo as suas necessidades e buscando em conjunto solu\u00e7\u00f5es eficientes. Somos competitivos e queremos ter a oportunidade de oferecer um servi\u00e7o de qualidade com [&hellip;]<\/p>\n","protected":false},"author":1,"featured_media":0,"parent":0,"menu_order":0,"comment_status":"closed","ping_status":"closed","template":"","meta":[],"_links":{"self":[{"href":"http:\/\/anguloempreiteira.com.br\/site\/wp-json\/wp\/v2\/pages\/78"}],"collection":[{"href":"http:\/\/anguloempreiteira.com.br\/site\/wp-json\/wp\/v2\/pages"}],"about":[{"href":"http:\/\/anguloempreiteira.com.br\/site\/wp-json\/wp\/v2\/types\/page"}],"author":[{"embeddable":true,"href":"http:\/\/anguloempreiteira.com.br\/site\/wp-json\/wp\/v2\/users\/1"}],"replies":[{"embeddable":true,"href":"http:\/\/anguloempreiteira.com.br\/site\/wp-json\/wp\/v2\/comments?post=78"}],"version-history":[{"count":4,"href":"http:\/\/anguloempreiteira.com.br\/site\/wp-json\/wp\/v2\/pages\/78\/revisions"}],"predecessor-version":[{"id":138,"href":"http:\/\/anguloempreiteira.com.br\/site\/wp-json\/wp\/v2\/pages\/78\/revisions\/138"}],"wp:attachment":[{"href":"http:\/\/anguloempreiteira.com.br\/site\/wp-json\/wp\/v2\/media?parent=78"}],"curies":[{"name":"wp","href":"https:\/\/api.w.org\/{rel}","templated":true}]}}