{"id":81,"date":"2020-08-18T17:56:58","date_gmt":"2020-08-18T20:56:58","guid":{"rendered":"http:\/\/anguloempreiteira.com.br\/site\/?page_id=81"},"modified":"2020-08-18T17:59:34","modified_gmt":"2020-08-18T20:59:34","slug":"certificacoes","status":"publish","type":"page","link":"http:\/\/anguloempreiteira.com.br\/site\/certificacoes\/","title":{"rendered":"Certifica\u00e7\u00f5es"},"content":{"rendered":"\t\t<div data-elementor-type=\"wp-page\" data-elementor-id=\"81\" class=\"elementor elementor-81\" data-elementor-settings=\"[]\">\n\t\t\t<div class=\"elementor-inner\">\n\t\t\t\t<div class=\"elementor-section-wrap\">\n\t\t\t\t\t\t\t<section class=\"elementor-element elementor-element-bed21b1 elementor-section-stretched elementor-section-boxed elementor-section-height-default elementor-section-height-default elementor-section elementor-top-section\" data-id=\"bed21b1\" data-element_type=\"section\" data-settings=\"{&quot;stretch_section&quot;:&quot;section-stretched&quot;,&quot;background_background&quot;:&quot;classic&quot;}\">\n\t\t\t\t\t\t<div class=\"elementor-container elementor-column-gap-default\">\n\t\t\t\t<div class=\"elementor-row\">\n\t\t\t\t<div class=\"elementor-element elementor-element-44de26e elementor-column elementor-col-100 elementor-top-column\" data-id=\"44de26e\" data-element_type=\"column\">\n\t\t\t<div class=\"elementor-column-wrap  elementor-element-populated\">\n\t\t\t\t\t<div class=\"elementor-widget-wrap\">\n\t\t\t\t<div class=\"elementor-element elementor-element-d2b3985 elementor-widget elementor-widget-heading\" data-id=\"d2b3985\" data-element_type=\"widget\" data-widget_type=\"heading.default\">\n\t\t\t\t<div class=\"elementor-widget-container\">\n\t\t\t<h4 class=\"elementor-heading-title elementor-size-default\">CERTIFICA\u00c7\u00d5ES<\/h4>\t\t<\/div>\n\t\t\t\t<\/div>\n\t\t\t\t\t\t<\/div>\n\t\t\t<\/div>\n\t\t<\/div>\n\t\t\t\t\t\t<\/div>\n\t\t\t<\/div>\n\t\t<\/section>\n\t\t\t\t<section class=\"elementor-element elementor-element-935ce5f elementor-section-content-middle elementor-section-boxed elementor-section-height-default elementor-section-height-default elementor-section elementor-top-section\" data-id=\"935ce5f\" data-element_type=\"section\" data-settings=\"{&quot;background_background&quot;:&quot;classic&quot;}\">\n\t\t\t\t\t\t<div class=\"elementor-container elementor-column-gap-no\">\n\t\t\t\t<div class=\"elementor-row\">\n\t\t\t\t<div class=\"elementor-element elementor-element-af196d0 elementor-column elementor-col-50 elementor-top-column\" data-id=\"af196d0\" data-element_type=\"column\">\n\t\t\t<div class=\"elementor-column-wrap  elementor-element-populated\">\n\t\t\t\t\t<div class=\"elementor-widget-wrap\">\n\t\t\t\t<div class=\"elementor-element elementor-element-e6b530c elementor-widget elementor-widget-image\" data-id=\"e6b530c\" data-element_type=\"widget\" data-widget_type=\"image.default\">\n\t\t\t\t<div class=\"elementor-widget-container\">\n\t\t\t\t\t<div class=\"elementor-image\">\n\t\t\t\t\t\t\t\t\t\t<img width=\"460\" height=\"188\" src=\"http:\/\/anguloempreiteira.com.br\/site\/wp-content\/uploads\/2020\/08\/certifi.jpg\" class=\"attachment-large size-large\" alt=\"\" loading=\"lazy\" srcset=\"http:\/\/anguloempreiteira.com.br\/site\/wp-content\/uploads\/2020\/08\/certifi.jpg 460w, http:\/\/anguloempreiteira.com.br\/site\/wp-content\/uploads\/2020\/08\/certifi-300x123.jpg 300w\" sizes=\"(max-width: 460px) 100vw, 460px\" \/>\t\t\t\t\t\t\t\t\t\t\t<\/div>\n\t\t\t\t<\/div>\n\t\t\t\t<\/div>\n\t\t\t\t\t\t<\/div>\n\t\t\t<\/div>\n\t\t<\/div>\n\t\t\t\t<div class=\"elementor-element elementor-element-116bf3f elementor-column elementor-col-50 elementor-top-column\" data-id=\"116bf3f\" data-element_type=\"column\">\n\t\t\t<div class=\"elementor-column-wrap  elementor-element-populated\">\n\t\t\t\t\t<div class=\"elementor-widget-wrap\">\n\t\t\t\t<div class=\"elementor-element elementor-element-905e91e elementor-widget elementor-widget-text-editor\" data-id=\"905e91e\" data-element_type=\"widget\" data-widget_type=\"text-editor.default\">\n\t\t\t\t<div class=\"elementor-widget-container\">\n\t\t\t\t\t<div class=\"elementor-text-editor elementor-clearfix\"><p>A Angulo segue todas as Normas Regulamentadoras, como NR 18- Condi\u00e7\u00f5es e Meio Ambiente de Trabalho na Ind\u00fastria da Constru\u00e7\u00e3o, NR 35- Trabalho em Altura e NR 10- Instala\u00e7\u00f5es e Servi\u00e7os em Eletricidade.<\/p><p>&#8211; Certificado de Recupera\u00e7\u00e3o e Revestimento de Fachada emitido pelo Instituto de Engenharia de S\u00e3o Paulo-SP.<\/p>\n<p>&#8211; Certificado de Impermeabiliza\u00e7\u00e3o na Constru\u00e7\u00e3o Civil emitido pela PUCRS.<\/p><\/div>\n\t\t\t\t<\/div>\n\t\t\t\t<\/div>\n\t\t\t\t\t\t<\/div>\n\t\t\t<\/div>\n\t\t<\/div>\n\t\t\t\t\t\t<\/div>\n\t\t\t<\/div>\n\t\t<\/section>\n\t\t\t\t\t\t<\/div>\n\t\t\t<\/div>\n\t\t<\/div>\n\t\t","protected":false},"excerpt":{"rendered":"<p>CERTIFICA\u00c7\u00d5ES A Angulo segue todas as Normas Regulamentadoras, como NR 18- Condi\u00e7\u00f5es e Meio Ambiente de Trabalho na Ind\u00fastria da Constru\u00e7\u00e3o, NR 35- Trabalho em Altura e NR 10- Instala\u00e7\u00f5es e Servi\u00e7os em Eletricidade. &#8211; Certificado de Recupera\u00e7\u00e3o e Revestimento de Fachada emitido pelo Instituto de Engenharia de S\u00e3o Paulo-SP. &#8211; Certificado de Impermeabiliza\u00e7\u00e3o na [&hellip;]<\/p>\n","protected":false},"author":1,"featured_media":0,"parent":0,"menu_order":0,"comment_status":"closed","ping_status":"closed","template":"","meta":[],"_links":{"self":[{"href":"http:\/\/anguloempreiteira.com.br\/site\/wp-json\/wp\/v2\/pages\/81"}],"collection":[{"href":"http:\/\/anguloempreiteira.com.br\/site\/wp-json\/wp\/v2\/pages"}],"about":[{"href":"http:\/\/anguloempreiteira.com.br\/site\/wp-json\/wp\/v2\/types\/page"}],"author":[{"embeddable":true,"href":"http:\/\/anguloempreiteira.com.br\/site\/wp-json\/wp\/v2\/users\/1"}],"replies":[{"embeddable":true,"href":"http:\/\/anguloempreiteira.com.br\/site\/wp-json\/wp\/v2\/comments?post=81"}],"version-history":[{"count":2,"href":"http:\/\/anguloempreiteira.com.br\/site\/wp-json\/wp\/v2\/pages\/81\/revisions"}],"predecessor-version":[{"id":84,"href":"http:\/\/anguloempreiteira.com.br\/site\/wp-json\/wp\/v2\/pages\/81\/revisions\/84"}],"wp:attachment":[{"href":"http:\/\/anguloempreiteira.com.br\/site\/wp-json\/wp\/v2\/media?parent=81"}],"curies":[{"name":"wp","href":"https:\/\/api.w.org\/{rel}","templated":true}]}}